{"id":4895,"date":"2019-12-11T13:39:25","date_gmt":"2019-12-11T13:39:25","guid":{"rendered":"http:\/\/kilkennycastle.ie\/taighde\/"},"modified":"2019-12-11T13:39:26","modified_gmt":"2019-12-11T13:39:26","slug":"taighde","status":"publish","type":"page","link":"http:\/\/54.73.152.2\/ga\/taighde\/","title":{"rendered":"Taighde"},"content":{"rendered":"<p>[et_pb_section bb_built=&#8221;1&#8243; fullwidth=&#8221;on&#8221; specialty=&#8221;off&#8221; next_background_color=&#8221;#000000&#8243;][et_pb_fullwidth_header _builder_version=&#8221;3.17.6&#8243; title=&#8221;Taighde&#8221; subhead=&#8221;L\u00e9igh a Thuilleadh&#8221; background_overlay_color=&#8221;rgba(0,0,0,0.33)&#8221; background_image=&#8221;http:\/\/kilkennycastle.ie\/wp-content\/uploads\/2018\/11\/old-letters-436503_1920.jpg&#8221; text_orientation=&#8221;center&#8221; header_fullscreen=&#8221;on&#8221; header_scroll_down=&#8221;on&#8221; scroll_down_icon=&#8221;%%0%%&#8221; scroll_down_icon_size=&#8221;25px&#8221; title_font_size=&#8221;50px&#8221; subhead_font_size=&#8221;23px&#8221; background_color=&#8221;rgba(255, 255, 255, 0)&#8221; button_one_text_size__hover_enabled=&#8221;off&#8221; button_one_text_size__hover=&#8221;null&#8221; button_two_text_size__hover_enabled=&#8221;off&#8221; button_two_text_size__hover=&#8221;null&#8221; button_one_text_color__hover_enabled=&#8221;off&#8221; button_one_text_color__hover=&#8221;null&#8221; button_two_text_color__hover_enabled=&#8221;off&#8221; button_two_text_color__hover=&#8221;null&#8221; button_one_border_width__hover_enabled=&#8221;off&#8221; button_one_border_width__hover=&#8221;null&#8221; button_two_border_width__hover_enabled=&#8221;off&#8221; button_two_border_width__hover=&#8221;null&#8221; button_one_border_color__hover_enabled=&#8221;off&#8221; button_one_border_color__hover=&#8221;null&#8221; button_two_border_color__hover_enabled=&#8221;off&#8221; button_two_border_color__hover=&#8221;null&#8221; button_one_border_radius__hover_enabled=&#8221;off&#8221; button_one_border_radius__hover=&#8221;null&#8221; button_two_border_radius__hover_enabled=&#8221;off&#8221; button_two_border_radius__hover=&#8221;null&#8221; button_one_letter_spacing__hover_enabled=&#8221;on&#8221; button_one_letter_spacing__hover=&#8221;0&#8243; button_two_letter_spacing__hover_enabled=&#8221;on&#8221; button_two_letter_spacing__hover=&#8221;0&#8243; button_one_bg_color__hover_enabled=&#8221;off&#8221; button_one_bg_color__hover=&#8221;null&#8221; button_two_bg_color__hover_enabled=&#8221;off&#8221; button_two_bg_color__hover=&#8221;null&#8221; max_width_tablet=&#8221;50px&#8221; \/][\/et_pb_section][et_pb_section bb_built=&#8221;1&#8243; fullwidth=&#8221;off&#8221; specialty=&#8221;off&#8221; prev_background_color=&#8221;#000000&#8243; next_background_color=&#8221;#000000&#8243;][et_pb_row][et_pb_column type=&#8221;4_4&#8243;][et_pb_text admin_label=&#8221;Repositories&#8221; _builder_version=&#8221;3.17.6&#8243;]<\/p>\n<h3>L\u00c9ITHEOIREACHT BHREISE<\/h3>\n<h3>Taisclanna<\/h3>\n<p>[\/et_pb_text][\/et_pb_column][\/et_pb_row][et_pb_row][et_pb_column type=&#8221;1_3&#8243;][et_pb_text admin_label=&#8221;Further Reading&#8221; _builder_version=&#8221;3.17.6&#8243; border_style=&#8221;solid&#8221; module_alignment=&#8221;left&#8221;]<\/p>\n<h4>\u00c9ire<\/h4>\n<p><a href=\"https:\/\/iarc.ie\/\" target=\"_blank\" rel=\"noopener noreferrer\">Cartlann Ailtireachta na h\u00c9ireann<\/a><br \/>\n<a href=\"http:\/\/www.nationalarchives.ie\/\" target=\"_blank\" rel=\"noopener noreferrer\">Cartlann N\u00e1isi\u00fanta na h\u00c9ireann<\/a><br \/>\n<a href=\"https:\/\/www.nli.ie\/\" target=\"_blank\" rel=\"noopener noreferrer\">An Leabharlann N\u00e1isi\u00fanta<\/a><br \/>\n<a href=\"https:\/\/www.ria.ie\/\" target=\"_blank\" rel=\"noopener noreferrer\">Acadamh R\u00edoga na h\u00c9ireann<\/a><br \/>\n<a href=\"https:\/\/www.tcd.ie\/\" target=\"_blank\" rel=\"noopener noreferrer\">Col\u00e1iste na Tr\u00edon\u00f3ide, Baile \u00c1tha Cliath<\/a><br \/>\n<a href=\"https:\/\/www.marshlibrary.ie\/\" target=\"_blank\" rel=\"noopener noreferrer\">Leabharlann Marsh<\/a><br \/>\n<a href=\"http:\/\/www.kilkenny.ie\/eng\/About_Kilkenny\/History\/Famous_Landmarks\/The_Tholsel.html\" target=\"_blank\" rel=\"noopener noreferrer\">An Tholsel, Cill Chainnigh<\/a><\/p>\n<p>[\/et_pb_text][\/et_pb_column][et_pb_column type=&#8221;1_3&#8243;][et_pb_text admin_label=&#8221;United Kingdom&#8221; _builder_version=&#8221;3.17.6&#8243;]<\/p>\n<h4>Sasana agus Tuaisceart \u00c9ireann<\/h4>\n<p><a href=\"https:\/\/www.bl.uk\/\" target=\"_blank\" rel=\"noopener noreferrer\">British Library<\/a><br \/>\n<a href=\"https:\/\/www.bodleian.ox.ac.uk\/\" target=\"_blank\" rel=\"noopener noreferrer\">Bodleian Library, University of Oxford<\/a><br \/>\n<a href=\"http:\/\/www.nationalarchives.gov.uk\/\" target=\"_blank\" rel=\"noopener noreferrer\">The National Archives, Kew<\/a><br \/>\n<a href=\"https:\/\/www.nidirect.gov.uk\/proni\" target=\"_blank\" rel=\"noopener noreferrer\">Public Record Office of Northern Ireland<\/a><br \/>\n<a href=\"https:\/\/www.vam.ac.uk\/\" target=\"_blank\" rel=\"noopener noreferrer\">Victorian &amp; Albert Museum, London<\/a><br \/>\n<a href=\"http:\/\/grosvenormuseum.westcheshiremuseums.co.uk\/\" target=\"_blank\" rel=\"noopener noreferrer\">Grosvenor Museum, Chester<\/a><\/p>\n<h4><\/h4>\n<p>[\/et_pb_text][\/et_pb_column][et_pb_column type=&#8221;1_3&#8243;][et_pb_text admin_label=&#8221;Literature&#8221; _builder_version=&#8221;3.17.6&#8243;]<\/p>\n<h4>Litr\u00edocht<\/h4>\n<p><a href=\"http:\/\/kilkennycastle.ie\/wp-content\/uploads\/2018\/11\/further-reading.pdf\">Leabharliosta<\/a>\u00a0(PDF)<\/p>\n<p>[\/et_pb_text][\/et_pb_column][\/et_pb_row][\/et_pb_section][et_pb_section bb_built=&#8221;1&#8243; fullwidth=&#8221;on&#8221; specialty=&#8221;off&#8221; prev_background_color=&#8221;#000000&#8243; disabled_on=&#8221;on|on|on&#8221; disabled=&#8221;on&#8221;][et_pb_fullwidth_image _builder_version=&#8221;3.0.86&#8243; src=&#8221;http:\/\/kilkennycastle.ie\/wp-content\/uploads\/2017\/10\/Farmleigh.-OPW.jpg&#8221; show_in_lightbox=&#8221;off&#8221; url_new_window=&#8221;off&#8221; use_overlay=&#8221;off&#8221; animation=&#8221;off&#8221; animation_direction=&#8221;off&#8221; \/][\/et_pb_section]<\/p>\n","protected":false},"excerpt":{"rendered":"<p><div class=\"et_pb_row et_pb_row_0 et_pb_row_empty\">\n\t\t\t\t\n\t\t\t\t\n\t\t\t\t\n\t\t\t\t\n\t\t\t\t\n\t\t\t<\/div> L\u00c9ITHEOIREACHT BHREISE Taisclanna <div class=\"et_pb_row et_pb_row_1 et_pb_row_empty\">\n\t\t\t\t\n\t\t\t\t\n\t\t\t\t\n\t\t\t\t\n\t\t\t\t\n\t\t\t<\/div> \u00c9ire Cartlann Ailtireachta na h\u00c9ireann Cartlann N\u00e1isi\u00fanta na h\u00c9ireann An Leabharlann N\u00e1isi\u00fanta Acadamh R\u00edoga na h\u00c9ireann Col\u00e1iste na Tr\u00edon\u00f3ide, Baile \u00c1tha Cliath Leabharlann Marsh An [&hellip;]<\/p>\n","protected":false},"author":1,"featured_media":0,"parent":0,"menu_order":0,"comment_status":"closed","ping_status":"closed","template":"","meta":{"_et_pb_use_builder":"on","_et_pb_old_content":"","_et_gb_content_width":"","footnotes":""},"class_list":["post-4895","page","type-page","status-publish","hentry"],"_links":{"self":[{"href":"http:\/\/54.73.152.2\/ga\/wp-json\/wp\/v2\/pages\/4895","targetHints":{"allow":["GET"]}}],"collection":[{"href":"http:\/\/54.73.152.2\/ga\/wp-json\/wp\/v2\/pages"}],"about":[{"href":"http:\/\/54.73.152.2\/ga\/wp-json\/wp\/v2\/types\/page"}],"author":[{"embeddable":true,"href":"http:\/\/54.73.152.2\/ga\/wp-json\/wp\/v2\/users\/1"}],"replies":[{"embeddable":true,"href":"http:\/\/54.73.152.2\/ga\/wp-json\/wp\/v2\/comments?post=4895"}],"version-history":[{"count":0,"href":"http:\/\/54.73.152.2\/ga\/wp-json\/wp\/v2\/pages\/4895\/revisions"}],"wp:attachment":[{"href":"http:\/\/54.73.152.2\/ga\/wp-json\/wp\/v2\/media?parent=4895"}],"curies":[{"name":"wp","href":"https:\/\/api.w.org\/{rel}","templated":true}]}}